{"id":1643,"date":"2021-10-13T16:19:41","date_gmt":"2021-10-13T16:19:41","guid":{"rendered":"https:\/\/xn--remise-allgu-qcb.de\/?page_id=1643"},"modified":"2025-10-02T12:37:14","modified_gmt":"2025-10-02T12:37:14","slug":"allgemeine-geschaeftsbedingungen","status":"publish","type":"page","link":"https:\/\/www.remise-allgaeu.de\/index.php\/allgemeine-geschaeftsbedingungen\/","title":{"rendered":"Allgemeine Gesch\u00e4ftsbedingungen"},"content":{"rendered":"\n<p><em>Zur Anmietung der Ferienwohnung&nbsp;Remise Allg\u00e4u in der Staufner Str. 1 88179 Oberreute<\/em><\/p>\n\n\n\n<p>\u00a7 1 Mietgegenstand und Schl\u00fcssel<br>(1) Der Vermieter vermietet an den Mieter o.a. Unterkunft f\u00fcr insgesamt bis zu 4 Personen inkl. Kinder (Erweiterung nach Absprache m\u00f6glich). Es gilt die in der Anlage beigef\u00fcgte Hausordnung. Das Mietobjekt ist ein Nichtraucherobjekt.<br>(2) Das Mietobjekt ist vollst\u00e4ndig eingerichtet und m\u00f6bliert vermietet.<br>(3) Bett- und Badw\u00e4sche sind im Preis enthalten und wird bei Anmeldung frisch \u00fcberzogen.<br>(4) Der Mieter erh\u00e4lt f\u00fcr die Dauer der Mietzeit Haust\u00fcr-\/Wohnungsschl\u00fcssel<\/p>\n\n\n\n<p>\u00a72 Mietzeit, An-und Abreise<br>(1) Das Mietobjekt wird f\u00fcr die vereinbarte Zeit) an den Mieter vermietet<br>(2) Die Anreise erfolgt am Anreisetag ab 16 Uhr.<br>(3) Die Abreise erfolgt am Abreisetag bis 10 Uhr.<br>(4) Nach Ende der Mietzeit hat der Mieter das Mietobjekt ger\u00e4umt und in einem ordnungsgem\u00e4\u00dfen Zustand an den Vermieter\/Verwalter zu \u00fcbergeben und alle Schl\u00fcssel wie besprochen zur\u00fcck zu geben.<\/p>\n\n\n\n<p>\u00a7 3 Mietpreis und Zahlungsweise<br>(1) Der Mietpreise gelten wie auf der Webseite www.remise-allg\u00e4u.de angegeben. zzgl. der Kosten einer einmaligen Endreinigung.<br>(2) Der Betrag ist wie folgt zu entrichten: Per \u00dcberweisung oder per Paypal. Die Kontoverbindung wird per E-Mail mitgeteilt.<br>(3) F\u00fcr eine verbindliche Buchung hat der Mieter innerhalb von 4 Tagen nach Erhalt der Reservierungsbest\u00e4tigung 50 % des Mietpreises als Anzahlung auf das angegebene Konto zu \u00fcberweisen. Der Restbetrag ist sp\u00e4testens zwei Wochen vor Mietbeginn auf dasselbe Konto zu zahlen. Liegen zwischen dem Tag des Vertragsschlusses und dem Tag des Mietbeginns weniger als 14 Tage, ist der gesamte Betrag sofort nach Vertragsschluss auf das genannte Konto zu \u00fcberweisen.<br>(4) Ger\u00e4t der Mieter mit der Zahlung um mehr als 7 Tage in Verzug, ist der Vermieter berechtigt, den Vertrag ohne weitere Gr\u00fcnde fristlos zu k\u00fcndigen und das Mietobjekt anderweitig zu vermieten.<\/p>\n\n\n\n<p>\u00a7 4 Stornierung und Aufenthaltsabbruch<br>(1) Storniert (k\u00fcndigt) der Mieter den Vertrag vor dem Mietbeginn, ohne einen Nachmieter zu benennen, der in den Vertrag zu denselben Konditionen eintritt, sind als Entsch\u00e4digung unter Anrechnung der ersparten Aufwendungen die folgenden anteiligen Mieten (ausschlie\u00dflich der Endreinigung) zu entrichten, K\u00fcndigung -bis 90 Tage vor Mietbeginn: 10 % des Mietpreises -bis 45 Tage vor Mietbeginn: 30 % des Mietpreises -bis 21 Tage vor Mietbeginn: 60 % des Mietpreises -bis 14 Tage vor Mietbeginn: 90 % des Mietpreises -ansonsten (sp\u00e4ter als 14 Tage vor Mietbeginn) 100 % des Mietpreises.<br>(2) Der Mieter kann jederzeit einen geringeren Schaden nachweisen.<br>(3) Bricht der Mieter den Aufenthalt vorzeitig ab, bleibt er zur Zahlung des vollen Mietpreises verpflichtet.<br>(4) Eine Stornierung bzw. K\u00fcndigung kann nur schriftlich erfolgen. Ma\u00dfgeblich ist der Tag des Zugangs der Erkl\u00e4rung bei dem Vermieter.<\/p>\n\n\n\n<p>\u00a7 5 Haftung und Pflichten des Mieters<br>(1) Das Mietobjekt einschlie\u00dflich der M\u00f6bel und der sonstigen in ihm befindlichen Gegenst\u00e4nde sind schonend zu behandeln. Der Mieter hat die ihn begleitenden und\/oder besuchenden Personen zur Sorgsamkeit anzuhalten. Der Mieter haftet f\u00fcr Besch\u00e4digungen des Mietobjekts, des Mobiliars oder sonstiger Gegenst\u00e4nde im Mietobjekt durch ihn oder ihn begleitende Personen.<br>(2) M\u00e4ngel, die bei \u00dcbernahme des Mietobjekts und\/oder w\u00e4hrend der Mietzeit entstehen, sind dem Vermieter unverz\u00fcglich in geeigneter Form zu melden.<br>(3) Die Haltung von Haustieren in dem Mietobjekt ist nur nach vorheriger Absprache mit dem Vermieter gestattet.<br>(4) Hausordnung: Der Mieter verpflichtet sich an die Hausordnung zu halten. Diese befindet sich auf der Webseite www.remise-allg\u00e4u.de und liegt auch im Mietobjekt aus.<\/p>\n","protected":false},"excerpt":{"rendered":"<p>Zur Anmietung der Ferienwohnung&nbsp;Remise Allg\u00e4u in der Staufner Str. 1 88179 Oberreute \u00a7 1 Mietgegenstand und Schl\u00fcssel(1) Der Vermieter vermietet an den Mieter o.a. Unterkunft f\u00fcr insgesamt bis zu 4 &#8230;<\/p>\n","protected":false},"author":2,"featured_media":0,"parent":0,"menu_order":0,"comment_status":"closed","ping_status":"closed","template":"","meta":[],"yoast_head":"<!-- This site is optimized with the Yoast SEO plugin v20.4 - https:\/\/yoast.com\/wordpress\/plugins\/seo\/ -->\n<title>Allgemeine Gesch\u00e4ftsbedingungen - REMISE Allg\u00e4u<\/title>\n<meta name=\"robots\" content=\"index, follow, max-snippet:-1, max-image-preview:large, max-video-preview:-1\" \/>\n<link rel=\"canonical\" href=\"https:\/\/www.remise-allgaeu.de\/index.php\/allgemeine-geschaeftsbedingungen\/\" \/>\n<meta property=\"og:locale\" content=\"de_DE\" \/>\n<meta property=\"og:type\" content=\"article\" \/>\n<meta property=\"og:title\" content=\"Allgemeine Gesch\u00e4ftsbedingungen - REMISE Allg\u00e4u\" \/>\n<meta property=\"og:description\" content=\"Zur Anmietung der Ferienwohnung&nbsp;Remise Allg\u00e4u in der Staufner Str. 1 88179 Oberreute \u00a7 1 Mietgegenstand und Schl\u00fcssel(1) Der Vermieter vermietet an den Mieter o.a. Unterkunft f\u00fcr insgesamt bis zu 4 ...\" \/>\n<meta property=\"og:url\" content=\"https:\/\/www.remise-allgaeu.de\/index.php\/allgemeine-geschaeftsbedingungen\/\" \/>\n<meta property=\"og:site_name\" content=\"REMISE Allg\u00e4u\" \/>\n<meta property=\"article:modified_time\" content=\"2025-10-02T12:37:14+00:00\" \/>\n<meta name=\"twitter:card\" content=\"summary_large_image\" \/>\n<meta name=\"twitter:label1\" content=\"Gesch\u00e4tzte Lesezeit\" \/>\n\t<meta name=\"twitter:data1\" content=\"4\u00a0Minuten\" \/>\n<script type=\"application\/ld+json\" class=\"yoast-schema-graph\">{\"@context\":\"https:\/\/schema.org\",\"@graph\":[{\"@type\":\"WebPage\",\"@id\":\"https:\/\/www.remise-allgaeu.de\/index.php\/allgemeine-geschaeftsbedingungen\/\",\"url\":\"https:\/\/www.remise-allgaeu.de\/index.php\/allgemeine-geschaeftsbedingungen\/\",\"name\":\"Allgemeine Gesch\u00e4ftsbedingungen - REMISE Allg\u00e4u\",\"isPartOf\":{\"@id\":\"https:\/\/www.remise-allgaeu.de\/#website\"},\"datePublished\":\"2021-10-13T16:19:41+00:00\",\"dateModified\":\"2025-10-02T12:37:14+00:00\",\"breadcrumb\":{\"@id\":\"https:\/\/www.remise-allgaeu.de\/index.php\/allgemeine-geschaeftsbedingungen\/#breadcrumb\"},\"inLanguage\":\"de\",\"potentialAction\":[{\"@type\":\"ReadAction\",\"target\":[\"https:\/\/www.remise-allgaeu.de\/index.php\/allgemeine-geschaeftsbedingungen\/\"]}]},{\"@type\":\"BreadcrumbList\",\"@id\":\"https:\/\/www.remise-allgaeu.de\/index.php\/allgemeine-geschaeftsbedingungen\/#breadcrumb\",\"itemListElement\":[{\"@type\":\"ListItem\",\"position\":1,\"name\":\"Home\",\"item\":\"https:\/\/www.remise-allgaeu.de\/\"},{\"@type\":\"ListItem\",\"position\":2,\"name\":\"Allgemeine Gesch\u00e4ftsbedingungen\"}]},{\"@type\":\"WebSite\",\"@id\":\"https:\/\/www.remise-allgaeu.de\/#website\",\"url\":\"https:\/\/www.remise-allgaeu.de\/\",\"name\":\"REMISE Allg\u00e4u\",\"description\":\"LIEBLINGSQUARTIER WOHNLOFT ALLG\u00c4U WOHNEN STATT WERKEN\",\"publisher\":{\"@id\":\"https:\/\/www.remise-allgaeu.de\/#organization\"},\"potentialAction\":[{\"@type\":\"SearchAction\",\"target\":{\"@type\":\"EntryPoint\",\"urlTemplate\":\"https:\/\/www.remise-allgaeu.de\/?s={search_term_string}\"},\"query-input\":\"required name=search_term_string\"}],\"inLanguage\":\"de\"},{\"@type\":\"Organization\",\"@id\":\"https:\/\/www.remise-allgaeu.de\/#organization\",\"name\":\"Remise Loft Allg\u00e4u\",\"url\":\"https:\/\/www.remise-allgaeu.de\/\",\"logo\":{\"@type\":\"ImageObject\",\"inLanguage\":\"de\",\"@id\":\"https:\/\/www.remise-allgaeu.de\/#\/schema\/logo\/image\/\",\"url\":\"https:\/\/www.remise-allgaeu.de\/wp-content\/uploads\/2021\/10\/cropped-cropped-remise_logo_01.jpg\",\"contentUrl\":\"https:\/\/www.remise-allgaeu.de\/wp-content\/uploads\/2021\/10\/cropped-cropped-remise_logo_01.jpg\",\"width\":86,\"height\":69,\"caption\":\"Remise Loft Allg\u00e4u\"},\"image\":{\"@id\":\"https:\/\/www.remise-allgaeu.de\/#\/schema\/logo\/image\/\"},\"sameAs\":[\"https:\/\/www.instagram.com\/remiseallgaeu\"]}]}<\/script>\n<!-- \/ Yoast SEO plugin. -->","yoast_head_json":{"title":"Allgemeine Gesch\u00e4ftsbedingungen - REMISE Allg\u00e4u","robots":{"index":"index","follow":"follow","max-snippet":"max-snippet:-1","max-image-preview":"max-image-preview:large","max-video-preview":"max-video-preview:-1"},"canonical":"https:\/\/www.remise-allgaeu.de\/index.php\/allgemeine-geschaeftsbedingungen\/","og_locale":"de_DE","og_type":"article","og_title":"Allgemeine Gesch\u00e4ftsbedingungen - REMISE Allg\u00e4u","og_description":"Zur Anmietung der Ferienwohnung&nbsp;Remise Allg\u00e4u in der Staufner Str. 1 88179 Oberreute \u00a7 1 Mietgegenstand und Schl\u00fcssel(1) Der Vermieter vermietet an den Mieter o.a. Unterkunft f\u00fcr insgesamt bis zu 4 ...","og_url":"https:\/\/www.remise-allgaeu.de\/index.php\/allgemeine-geschaeftsbedingungen\/","og_site_name":"REMISE Allg\u00e4u","article_modified_time":"2025-10-02T12:37:14+00:00","twitter_card":"summary_large_image","twitter_misc":{"Gesch\u00e4tzte Lesezeit":"4\u00a0Minuten"},"schema":{"@context":"https:\/\/schema.org","@graph":[{"@type":"WebPage","@id":"https:\/\/www.remise-allgaeu.de\/index.php\/allgemeine-geschaeftsbedingungen\/","url":"https:\/\/www.remise-allgaeu.de\/index.php\/allgemeine-geschaeftsbedingungen\/","name":"Allgemeine Gesch\u00e4ftsbedingungen - REMISE Allg\u00e4u","isPartOf":{"@id":"https:\/\/www.remise-allgaeu.de\/#website"},"datePublished":"2021-10-13T16:19:41+00:00","dateModified":"2025-10-02T12:37:14+00:00","breadcrumb":{"@id":"https:\/\/www.remise-allgaeu.de\/index.php\/allgemeine-geschaeftsbedingungen\/#breadcrumb"},"inLanguage":"de","potentialAction":[{"@type":"ReadAction","target":["https:\/\/www.remise-allgaeu.de\/index.php\/allgemeine-geschaeftsbedingungen\/"]}]},{"@type":"BreadcrumbList","@id":"https:\/\/www.remise-allgaeu.de\/index.php\/allgemeine-geschaeftsbedingungen\/#breadcrumb","itemListElement":[{"@type":"ListItem","position":1,"name":"Home","item":"https:\/\/www.remise-allgaeu.de\/"},{"@type":"ListItem","position":2,"name":"Allgemeine Gesch\u00e4ftsbedingungen"}]},{"@type":"WebSite","@id":"https:\/\/www.remise-allgaeu.de\/#website","url":"https:\/\/www.remise-allgaeu.de\/","name":"REMISE Allg\u00e4u","description":"LIEBLINGSQUARTIER WOHNLOFT ALLG\u00c4U WOHNEN STATT WERKEN","publisher":{"@id":"https:\/\/www.remise-allgaeu.de\/#organization"},"potentialAction":[{"@type":"SearchAction","target":{"@type":"EntryPoint","urlTemplate":"https:\/\/www.remise-allgaeu.de\/?s={search_term_string}"},"query-input":"required name=search_term_string"}],"inLanguage":"de"},{"@type":"Organization","@id":"https:\/\/www.remise-allgaeu.de\/#organization","name":"Remise Loft Allg\u00e4u","url":"https:\/\/www.remise-allgaeu.de\/","logo":{"@type":"ImageObject","inLanguage":"de","@id":"https:\/\/www.remise-allgaeu.de\/#\/schema\/logo\/image\/","url":"https:\/\/www.remise-allgaeu.de\/wp-content\/uploads\/2021\/10\/cropped-cropped-remise_logo_01.jpg","contentUrl":"https:\/\/www.remise-allgaeu.de\/wp-content\/uploads\/2021\/10\/cropped-cropped-remise_logo_01.jpg","width":86,"height":69,"caption":"Remise Loft Allg\u00e4u"},"image":{"@id":"https:\/\/www.remise-allgaeu.de\/#\/schema\/logo\/image\/"},"sameAs":["https:\/\/www.instagram.com\/remiseallgaeu"]}]}},"_links":{"self":[{"href":"https:\/\/www.remise-allgaeu.de\/index.php\/wp-json\/wp\/v2\/pages\/1643"}],"collection":[{"href":"https:\/\/www.remise-allgaeu.de\/index.php\/wp-json\/wp\/v2\/pages"}],"about":[{"href":"https:\/\/www.remise-allgaeu.de\/index.php\/wp-json\/wp\/v2\/types\/page"}],"author":[{"embeddable":true,"href":"https:\/\/www.remise-allgaeu.de\/index.php\/wp-json\/wp\/v2\/users\/2"}],"replies":[{"embeddable":true,"href":"https:\/\/www.remise-allgaeu.de\/index.php\/wp-json\/wp\/v2\/comments?post=1643"}],"version-history":[{"count":4,"href":"https:\/\/www.remise-allgaeu.de\/index.php\/wp-json\/wp\/v2\/pages\/1643\/revisions"}],"predecessor-version":[{"id":2230,"href":"https:\/\/www.remise-allgaeu.de\/index.php\/wp-json\/wp\/v2\/pages\/1643\/revisions\/2230"}],"wp:attachment":[{"href":"https:\/\/www.remise-allgaeu.de\/index.php\/wp-json\/wp\/v2\/media?parent=1643"}],"curies":[{"name":"wp","href":"https:\/\/api.w.org\/{rel}","templated":true}]}}