{"id":1527,"date":"2021-10-12T17:51:16","date_gmt":"2021-10-12T17:51:16","guid":{"rendered":"https:\/\/xn--remise-allgu-qcb.de\/?page_id=1527"},"modified":"2026-01-27T20:40:11","modified_gmt":"2026-01-27T20:40:11","slug":"buchung","status":"publish","type":"page","link":"https:\/\/www.remise-allgaeu.de\/index.php\/buchung\/","title":{"rendered":"Buchung"},"content":{"rendered":"\n<p><strong>Ausstattung der Loft-Remise-Wohnung<\/strong><\/p>\n\n\n\n<p>Es ist f\u00fcr 4 Personen ausgelegt und verf\u00fcgt \u00fcber 2 Schlafzimmer je ein Doppelbett von 180 cm Breite &nbsp;( je 200x 90 cm breiten Matratzen und je einen Topper). Ein ausziehbares Sofa im oberen Schlafzimmer kann noch f\u00fcr weitere 2 Personen genutzt werden mit vorheriger Absprache. In beiden Schlafzimmern befindet sich ein Fernseher. <\/p>\n\n\n\n<p>Vollausgestattete K\u00fcche, Esstisch f\u00fcr 8 Personen, offener K\u00fcchenblock aus zwei Hobelb\u00e4nken mit Induktionsherd, Umluft Backofen, K\u00fchlschrank mit Gefrierfach, Kaffeemaschine, Microwelle, Kamin, TV im Wohnbereich und WLAN&nbsp;vorhanden, Abstellraum befindet sich eine Waschmaschine.<\/p>\n\n\n\n<p>Das Badezimmer \u00fcberzeugt mit einer gro\u00dfz\u00fcgigen und offenen Dusche,<em> <\/em>zwei Waschbecken und einer Infrarotkabine. <\/p>\n\n\n\n<p>Wir freuen uns auch auf Ihre Zweibeiner und verweisen auf unsere Hausordnung und Allgemeinen Gesch\u00e4ftsbedingungen. <\/p>\n\n\n\n<p><strong>Detail: <\/strong><\/p>\n\n\n\n<p>Wohnzimmer: Couch, Couchtisch, Fernseher 65 Zoll, Kamin. <\/p>\n\n\n\n<p>Eingangsbereich: Kommode, Garderobe, Spiegel.<\/p>\n\n\n\n<p>K\u00fcche: Offene K\u00fcche mit K\u00fcchenblock mit Induktionsherd, Sp\u00fclbecken, Esstisch ausziehbar f\u00fcr 8-10 Personen, K\u00fcchenbuffet, K\u00fchlschrank mit Gefrierfach, Herd, Sp\u00fclmaschine K\u00fcchenger\u00e4te: Kaffeemaschine, Microwelle, Toaster, Wasserkocher, Topf-und Pfannenset, Geschirr, Besteck, Grill f\u00fcr den Au\u00dfenbereich.<\/p>\n\n\n\n<p>Schlafzimmer unten: Himmelbett mit 180&#215;200, Matratzen und Topper, Nachtische, Kleiderschrank, Kommode, Regal, Fernseher<\/p>\n\n\n\n<p>Schlafzimmer oben: Bett 180&#215;200, Matratzen und Topper, Nachttische, Kommode, Couch mit Schlaffunktion, Wandgarderobe.<\/p>\n\n\n\n<p>Badezimmer: Offene Dusche, zwei Waschbecken, WC, Infrarotkabine bis zu 60 Grad mit Vollspektrumstrahler f\u00fcr 3-4 Personen.  <\/p>\n\n\n\n<p>Die Zimmerpreise verstehen sich zuz\u00fcglich der jeweiligen Endreinig. Die\u00a0Endreinigung\u00a0in H\u00f6he von EUR 115,00 wird automatisch gebucht und ist im Endpreis einkalkuliert.<\/p>\n\n\n\n<p>Wir verwenden f\u00fcr die Tiefenreinigung  unserer Matratzen, Teppiche und dem Sofa den Hyla Natural Air Cleaner, damit auch Hausstaub, Milben, Pollen und Tierhaare f\u00fcr Allergiker entfernt werden.<\/p>\n\n\n\n<p>Die Kosten f\u00fcr Haustiere (nach vorheriger Anfrage) werden direkt vor Ort bei uns entrichtet. Kosten EUR 3,50 pro Tier pro Tag.<\/p>\n\n\n\n<p>Die von der Gemeinde festgelegte Kurtaxe entrichten Sie bitte ebenfalls direkt bei uns vor Ort. <\/p>\n\n\n\n<p>Nach Vorlage Ihrer Anmeldung (Meldeschein) im G\u00e4steamt Oberreute oder bei Ihrem Gastgeber erhalten Sie kostenlos Ihre elektronische G\u00e4stekarte &#8211; die&nbsp;<a href=\"https:\/\/www.oberreute.de\/uebernachten\/allgaeu-walser-card\/\">Allg\u00e4u Walser Card<\/a>, mit der Sie zahlreiche Verg\u00fcnstigungen im ganzen Allg\u00e4u bekommen.<\/p>\n\n\n\n<p>Der Kurbeitrag pro Person (ab dem vollendetem 16. Lebensjahr) und Aufenthaltstag betr\u00e4gt 1,<strong>4<\/strong>0 Euro. Kinder bis zur Vollendung des 16. Lebensjahres sind kurbeitragsfrei.&nbsp;<\/p>\n\n\n\n<p>Schwerbehinderte mit Ausweis ( min. 80%) sind kurbeitragsfrei. Ebenso Begleitpersonen, wenn die Notwendigkeit st\u00e4ndiger Begleitung im Ausweis des Schwerbehinderten best\u00e4tigt ist.&nbsp;<br>Die Erm\u00e4\u00dfigung kann nur nach Vorlage des amtlichen Schwerbehindertenausweises vom G\u00e4steamt Oberreute gew\u00e4hrt werden.&nbsp;<\/p>\n\n\n\n<p><\/p>\n\n\n\n<h2 class=\"has-text-align-left\">Verf\u00fcgbarkeitskalender<\/h2>\n\n\n\n<div class=\"wp-container-6 wp-block-columns\">\n<div class=\"wp-container-5 wp-block-column\" style=\"flex-basis:100%\">\n<div class=\"wp-container-4 wp-block-group\"><div class=\"wp-block-group__inner-container\">\n<div class=\"wp-container-3 wp-block-columns\">\n<div class=\"wp-container-1 wp-block-column\" style=\"flex-basis:50%\">\n\t\t\t\t<div class=\"abc-singlecalendar\" data-checkin-69e22108b625f=\"0\" data-offset-69e22108b625f=\"0\" data-month-69e22108b625f=\"0\" id=\"abc_singlecalendar_69e22108b625f\">\n\t\t\t\t\t<div class=\"abc-box abc-single-row\">\n\t\t\t\t\t\t<div data-calendar=\"1\" data-id=\"69e22108b625f\" class=\"abc-box abc-button abc-single-button-left\">\n\t\t\t\t\t\t\t<button class=\"fa fa-chevron-left abc-button-rl\"><\/button>\n\t\t\t\t\t\t<\/div>\n\t\t\t\t\t\t<div class=\"abc-box abc-month\">\n\t\t\t\t\t\t\t<img alt=\"Wird geladen...\" src=\"https:\/\/www.remise-allgaeu.de\/wp-admin\/images\/wpspin_light.gif\" class=\"waiting\" id=\"abc_single_loading-69e22108b625f\" style=\"display:none\" \/><span id=\"singlecalendar-month-69e22108b625f\">April 2026<\/span><\/div>\n\t\t\t\t\t\t\t<div data-calendar=\"1\" data-id=\"69e22108b625f\" class=\"abc-box abc-button abc-single-button-right\">\n\t\t\t\t\t\t\t\t<button class=\"fa fa-chevron-right abc-button-rl\"><\/button>\n\t\t\t\t\t\t<\/div>\n\t\t\t\t\t<\/div>\n\t\t\t\t\t<div class=\"abc-box abc-single-row\">\n\t\t\t\t\t<div class=\"abc-box abc-col-day abc-dayname\">Mo<\/div>\n\t\t\t\t\t<div class=\"abc-box abc-col-day abc-dayname abc-dotted\">Di<\/div>\n\t\t\t\t\t<div class=\"abc-box abc-col-day abc-dayname abc-dotted\">Mi<\/div>\n\t\t\t\t\t<div class=\"abc-box abc-col-day abc-dayname abc-dotted\">Do<\/div>\n\t\t\t\t\t<div class=\"abc-box abc-col-day abc-dayname abc-dotted\">Fr<\/div>\n\t\t\t\t\t<div class=\"abc-box abc-col-day abc-dayname abc-dotted\">Sa<\/div>\n\t\t\t\t\t<div class=\"abc-box abc-col-day abc-dayname abc-dotted\">So<\/div>\n\t\t\t\t\t<\/div>\n\t\t\t\t\t<div id=\"abc-calendar-days-69e22108b625f\">\n\t\t\t\t\t\t<div class=\"abc-box abc-single-row\"><div class=\"abc-box abc-col-day \">&nbsp;<\/div><div class=\"abc-box abc-col-day abc-dotted \">&nbsp;<\/div><div title=\"\" data-calendar=\"1\" data-id=\"69e22108b625f\" data-date=\"2026-04-01\" class=\"abc-box abc-col-day abc-dotted abc-past abc-date-item \" id=\"abc-day-69e22108b625f2026-04-01\">1<br \/><span class=\"abc-single-price\"><\/span><\/div><div title=\"\" data-calendar=\"1\" data-id=\"69e22108b625f\" data-date=\"2026-04-02\" class=\"abc-box abc-col-day abc-dotted abc-past abc-date-item \" id=\"abc-day-69e22108b625f2026-04-02\">2<br \/><span class=\"abc-single-price\"><\/span><\/div><div title=\"\" data-calendar=\"1\" data-id=\"69e22108b625f\" data-date=\"2026-04-03\" class=\"abc-box abc-col-day abc-dotted abc-past abc-date-item \" id=\"abc-day-69e22108b625f2026-04-03\">3<br \/><span class=\"abc-single-price\"><\/span><\/div><div title=\"\" data-calendar=\"1\" data-id=\"69e22108b625f\" data-date=\"2026-04-04\" class=\"abc-box abc-col-day abc-dotted abc-past abc-date-item \" id=\"abc-day-69e22108b625f2026-04-04\">4<br \/><span class=\"abc-single-price\"><\/span><\/div><div title=\"\" data-calendar=\"1\" data-id=\"69e22108b625f\" data-date=\"2026-04-05\" class=\"abc-box abc-col-day abc-dotted abc-past abc-date-item \" id=\"abc-day-69e22108b625f2026-04-05\">5<br \/><span class=\"abc-single-price\"><\/span><\/div><\/div><div class=\"abc-box abc-single-row\"><div title=\"\" data-calendar=\"1\" data-id=\"69e22108b625f\" data-date=\"2026-04-06\" class=\"abc-box abc-col-day abc-past abc-date-item \" id=\"abc-day-69e22108b625f2026-04-06\">6<br \/><span class=\"abc-single-price\"><\/span><\/div><div title=\"\" data-calendar=\"1\" data-id=\"69e22108b625f\" data-date=\"2026-04-07\" class=\"abc-box abc-col-day abc-dotted abc-past abc-date-item \" id=\"abc-day-69e22108b625f2026-04-07\">7<br \/><span class=\"abc-single-price\"><\/span><\/div><div title=\"\" data-calendar=\"1\" data-id=\"69e22108b625f\" data-date=\"2026-04-08\" class=\"abc-box abc-col-day abc-dotted abc-past abc-date-item \" id=\"abc-day-69e22108b625f2026-04-08\">8<br \/><span class=\"abc-single-price\"><\/span><\/div><div title=\"\" data-calendar=\"1\" data-id=\"69e22108b625f\" data-date=\"2026-04-09\" class=\"abc-box abc-col-day abc-dotted abc-past abc-date-item \" id=\"abc-day-69e22108b625f2026-04-09\">9<br \/><span class=\"abc-single-price\"><\/span><\/div><div title=\"\" data-calendar=\"1\" data-id=\"69e22108b625f\" data-date=\"2026-04-10\" class=\"abc-box abc-col-day abc-dotted abc-past abc-date-item \" id=\"abc-day-69e22108b625f2026-04-10\">10<br \/><span class=\"abc-single-price\"><\/span><\/div><div title=\"\" data-calendar=\"1\" data-id=\"69e22108b625f\" data-date=\"2026-04-11\" class=\"abc-box abc-col-day abc-dotted abc-past abc-date-item \" id=\"abc-day-69e22108b625f2026-04-11\">11<br \/><span class=\"abc-single-price\"><\/span><\/div><div title=\"\" data-calendar=\"1\" data-id=\"69e22108b625f\" data-date=\"2026-04-12\" class=\"abc-box abc-col-day abc-dotted abc-past abc-date-item \" id=\"abc-day-69e22108b625f2026-04-12\">12<br \/><span class=\"abc-single-price\"><\/span><\/div><\/div><div class=\"abc-box abc-single-row\"><div title=\"\" data-calendar=\"1\" data-id=\"69e22108b625f\" data-date=\"2026-04-13\" class=\"abc-box abc-col-day abc-past abc-date-item \" id=\"abc-day-69e22108b625f2026-04-13\">13<br \/><span class=\"abc-single-price\"><\/span><\/div><div title=\"\" data-calendar=\"1\" data-id=\"69e22108b625f\" data-date=\"2026-04-14\" class=\"abc-box abc-col-day abc-dotted abc-past abc-date-item \" id=\"abc-day-69e22108b625f2026-04-14\">14<br \/><span class=\"abc-single-price\"><\/span><\/div><div title=\"\" data-calendar=\"1\" data-id=\"69e22108b625f\" data-date=\"2026-04-15\" class=\"abc-box abc-col-day abc-dotted abc-past abc-date-item \" id=\"abc-day-69e22108b625f2026-04-15\">15<br \/><span class=\"abc-single-price\"><\/span><\/div><div title=\"\" data-calendar=\"1\" data-id=\"69e22108b625f\" data-date=\"2026-04-16\" class=\"abc-box abc-col-day abc-dotted abc-past abc-date-item \" id=\"abc-day-69e22108b625f2026-04-16\">16<br \/><span class=\"abc-single-price\"><\/span><\/div><div title=\"Verf\u00fcgbar:\n17.04.2026: 195 EUR\" data-calendar=\"1\" data-id=\"69e22108b625f\" data-date=\"2026-04-17\" class=\"abc-box abc-col-day abc-dotted abc-avail abc-date-selector abc-date-item \" id=\"abc-day-69e22108b625f2026-04-17\">17<br \/><span class=\"abc-single-price\">195 EUR<\/span><\/div><div title=\"Verf\u00fcgbar:\n18.04.2026: 195 EUR\" data-calendar=\"1\" data-id=\"69e22108b625f\" data-date=\"2026-04-18\" class=\"abc-box abc-col-day abc-dotted abc-avail abc-date-selector abc-date-item \" id=\"abc-day-69e22108b625f2026-04-18\">18<br \/><span class=\"abc-single-price\">195 EUR<\/span><\/div><div title=\"Verf\u00fcgbar:\n19.04.2026: 195 EUR\" data-calendar=\"1\" data-id=\"69e22108b625f\" data-date=\"2026-04-19\" class=\"abc-box abc-col-day abc-dotted abc-avail abc-date-selector abc-date-item \" id=\"abc-day-69e22108b625f2026-04-19\">19<br \/><span class=\"abc-single-price\">195 EUR<\/span><\/div><\/div><div class=\"abc-box abc-single-row\"><div title=\"Verf\u00fcgbar:\n20.04.2026: 195 EUR\" data-calendar=\"1\" data-id=\"69e22108b625f\" data-date=\"2026-04-20\" class=\"abc-box abc-col-day abc-avail abc-date-selector abc-date-item \" id=\"abc-day-69e22108b625f2026-04-20\">20<br \/><span class=\"abc-single-price\">195 EUR<\/span><\/div><div title=\"Verf\u00fcgbar:\n21.04.2026: 195 EUR\" data-calendar=\"1\" data-id=\"69e22108b625f\" data-date=\"2026-04-21\" class=\"abc-box abc-col-day abc-dotted abc-avail abc-date-selector abc-date-item \" id=\"abc-day-69e22108b625f2026-04-21\">21<br \/><span class=\"abc-single-price\">195 EUR<\/span><\/div><div title=\"Verf\u00fcgbar:\n22.04.2026: 195 EUR\" data-calendar=\"1\" data-id=\"69e22108b625f\" data-date=\"2026-04-22\" class=\"abc-box abc-col-day abc-dotted abc-avail abc-date-selector abc-date-item \" id=\"abc-day-69e22108b625f2026-04-22\">22<br \/><span class=\"abc-single-price\">195 EUR<\/span><\/div><div title=\"Verf\u00fcgbar:\n23.04.2026: 195 EUR\" data-calendar=\"1\" data-id=\"69e22108b625f\" data-date=\"2026-04-23\" class=\"abc-box abc-col-day abc-dotted abc-avail abc-date-selector abc-date-item \" id=\"abc-day-69e22108b625f2026-04-23\">23<br \/><span class=\"abc-single-price\">195 EUR<\/span><\/div><div title=\"Check-Out\" data-calendar=\"1\" data-id=\"69e22108b625f\" data-date=\"2026-04-24\" class=\"abc-box abc-col-day abc-dotted abc-avail-booked abc-date-selector abc-date-item \" id=\"abc-day-69e22108b625f2026-04-24\">24<br \/><span class=\"abc-single-price\">&nbsp;<\/span><\/div><div title=\"Ausgebucht\" data-calendar=\"1\" data-id=\"69e22108b625f\" data-date=\"2026-04-25\" class=\"abc-box abc-col-day abc-dotted abc-booked abc-date-item \" id=\"abc-day-69e22108b625f2026-04-25\">25<br \/><span class=\"abc-single-price\">&nbsp;<\/span><\/div><div title=\"Ausgebucht\" data-calendar=\"1\" data-id=\"69e22108b625f\" data-date=\"2026-04-26\" class=\"abc-box abc-col-day abc-dotted abc-booked abc-date-item \" id=\"abc-day-69e22108b625f2026-04-26\">26<br \/><span class=\"abc-single-price\">&nbsp;<\/span><\/div><\/div><div class=\"abc-box abc-single-row\"><div title=\"Ausgebucht\" data-calendar=\"1\" data-id=\"69e22108b625f\" data-date=\"2026-04-27\" class=\"abc-box abc-col-day abc-booked abc-date-item \" id=\"abc-day-69e22108b625f2026-04-27\">27<br \/><span class=\"abc-single-price\">&nbsp;<\/span><\/div><div title=\"Ausgebucht\" data-calendar=\"1\" data-id=\"69e22108b625f\" data-date=\"2026-04-28\" class=\"abc-box abc-col-day abc-dotted abc-booked abc-date-item \" id=\"abc-day-69e22108b625f2026-04-28\">28<br \/><span class=\"abc-single-price\">&nbsp;<\/span><\/div><div title=\"Verf\u00fcgbar:\n29.04.2026: 195 EUR\" data-calendar=\"1\" data-id=\"69e22108b625f\" data-date=\"2026-04-29\" class=\"abc-box abc-col-day abc-dotted abc-booked-avail abc-date-selector abc-date-item \" id=\"abc-day-69e22108b625f2026-04-29\">29<br \/><span class=\"abc-single-price\">195 EUR<\/span><\/div><div title=\"Verf\u00fcgbar:\n30.04.2026: 195 EUR\" data-calendar=\"1\" data-id=\"69e22108b625f\" data-date=\"2026-04-30\" class=\"abc-box abc-col-day abc-dotted abc-avail abc-date-selector abc-date-item \" id=\"abc-day-69e22108b625f2026-04-30\">30<br \/><span class=\"abc-single-price\">195 EUR<\/span><\/div><\/div>\n\t\t\t\t\t<\/div><div class=\"abc-single-legend\">\n\t\t\t\t\t\t\t\t\t\t\t<span class=\"fa fa-square-o abc-single-legend-available\"><\/span>\n\t\t\t\t\t\t\t\t\t\t\tVerf\u00fcgbar<span class=\"fa fa-square abc-single-legend-fully\"><\/span>\n\t\t\t\t\t\t\t\t\t\tAusgebucht\n\t\t\t\t\t\t\t\t\t\t<\/div><div id=\"abc-booking-69e22108b625f\" class=\"abc-booking-selection\">\n\t\t\t\t\t<\/div>\n\t\t\t\t<\/div>\n<\/div>\n\n\n\n<div class=\"wp-container-2 wp-block-column\" style=\"flex-basis:50%\">\n<p>Hier k\u00f6nnen Sie vorab unsere verf\u00fcgbaren Termine pr\u00fcfen. Zum Buchen der Loft nutzen Sie bitte das nachstehende Online-Buchungsformular.<\/p>\n\n\n\n<p>F\u00fcr eine Buchung mit mehr als 4 Personen nutzen Sie bitte unser Kontaktformular, um Ihnen ein individuelles Angebot erstellen zu k\u00f6nnen.<\/p>\n<\/div>\n<\/div>\n<\/div><\/div>\n<\/div>\n<\/div>\n\n\n\n<h2>Online-Buchung<\/h2>\n\n\n\n        <!-- Advanced Booking Calendar Booking Form - https:\/\/booking-calendar-plugin.com -->\n        \n        <div id=\"abc-form-wrapper\">\n                <img alt=\"Wird geladen...\" src=\"https:\/\/www.remise-allgaeu.de\/wp-admin\/images\/wpspin_light.gif\" align=\"middle\" class=\"waiting\" id=\"abc_bookinform_loading\" style=\"display:none\" \/>                                \n                <div id=\"abc-form-content\">\n                        <div class=\"abc-column\">\n                                <form class=\"abc-form\"  method=\"post\">\n                                        <label for=\"abc-from\">Check-In<\/label>\n                                        <div class=\"abc-input-fa\">\n                                                <span class=\"fa fa-calendar\"><\/span>\n                                                <input id=\"abc-from\" name=\"abc-from\" readonly=\"true\" class=\"abc-from\" value=\"\">\n                                        <\/div>\n                                        <label for=\"abc-to\">Check-Out<\/label>\n                                        <div class=\"abc-input-fa\">\n                                                <span class=\"fa fa-calendar\"><\/span>\n                                                <input id=\"abc-to\" name=\"abc-to\" readonly=\"true\" class=\"abc-to\" value=\"\">\n                                        <\/div>\n                        <\/div>                        \n                        <div class=\"abc-column abc-form\">        \n                                        <label for=\"abc-persons\">Personen<\/label>\n                                        <div class=\"abc-input-fa\">\n                                                <span class=\"fa fa-female abc-guest1\"><\/span>\n                                                <span class=\"fa fa-male abc-guest2\"><\/span>\n                                                <select id=\"abc-persons\" name=\"abc-persons\">\n                                                        <option value=\"1\" selected>1<\/option><option value=\"2\">2<\/option><option value=\"3\">3<\/option><option value=\"4\">4<\/option>\n                                                <\/select>\n                                        <\/div>\n                                        <input id=\"abcPostTrigger\" type=\"hidden\" name=\"abcPostTrigger\" value=\"0\">        \n                                        <input id=\"abcPostCalendarId\" type=\"hidden\" name=\"abcPostCalendarId\" value=\"\">        \n                                <\/form>        \n                        <\/div>\n                        <div class=\"abc-form-row\">\n                                <button class=\"abc-submit\" id=\"abc-check-availabilities\"><span id=\"abc-submit-button\" class=\"abc-submit-text\">Verf\u00fcgbarkeit pr\u00fcfen<\/span><span class=\"abc-submit-loading\" >Wird geladen...<\/span><\/button>\n                                <button class=\"abc-submit\" id=\"abc-back-to-availabilities\" style=\"display: none;\"><span class=\"abc-submit-text\">Bearbeiten<\/span><\/button>\n                        <\/div>        \n                        \n                        <div id=\"abc-bookingresults\"><\/div>\n                <\/div><\/div>\n\n\n\n<p>Hier finden Sie unsere <a href=\"https:\/\/www.remise-allgaeu.de\/index.php\/allgemeine-geschaeftsbedingungen\">Allgemeinen Gesch\u00e4ftsbedingungen<\/a> und unsere <a href=\"https:\/\/www.remise-allgaeu.de\/index.php\/hausordnung\">Hausordnung<\/a>.<\/p>\n\n\n\n<p><\/p>\n","protected":false},"excerpt":{"rendered":"<p>Ausstattung der Loft-Remise-Wohnung Es ist f\u00fcr 4 Personen ausgelegt und verf\u00fcgt \u00fcber 2 Schlafzimmer je ein Doppelbett von 180 cm Breite &nbsp;( je 200x 90 cm breiten Matratzen und je &#8230;<\/p>\n","protected":false},"author":2,"featured_media":0,"parent":0,"menu_order":0,"comment_status":"closed","ping_status":"closed","template":"","meta":[],"yoast_head":"<!-- This site is optimized with the Yoast SEO plugin v20.4 - https:\/\/yoast.com\/wordpress\/plugins\/seo\/ -->\n<title>Buchung - REMISE Allg\u00e4u<\/title>\n<meta name=\"robots\" content=\"index, follow, max-snippet:-1, max-image-preview:large, max-video-preview:-1\" \/>\n<link rel=\"canonical\" href=\"https:\/\/www.remise-allgaeu.de\/index.php\/buchung\/\" \/>\n<meta property=\"og:locale\" content=\"de_DE\" \/>\n<meta property=\"og:type\" content=\"article\" \/>\n<meta property=\"og:title\" content=\"Buchung - REMISE Allg\u00e4u\" \/>\n<meta property=\"og:description\" content=\"Ausstattung der Loft-Remise-Wohnung Es ist f\u00fcr 4 Personen ausgelegt und verf\u00fcgt \u00fcber 2 Schlafzimmer je ein Doppelbett von 180 cm Breite &nbsp;( je 200x 90 cm breiten Matratzen und je ...\" \/>\n<meta property=\"og:url\" content=\"https:\/\/www.remise-allgaeu.de\/index.php\/buchung\/\" \/>\n<meta property=\"og:site_name\" content=\"REMISE Allg\u00e4u\" \/>\n<meta property=\"article:modified_time\" content=\"2026-01-27T20:40:11+00:00\" \/>\n<meta name=\"twitter:card\" content=\"summary_large_image\" \/>\n<meta name=\"twitter:label1\" content=\"Gesch\u00e4tzte Lesezeit\" \/>\n\t<meta name=\"twitter:data1\" content=\"3\u00a0Minuten\" \/>\n<script type=\"application\/ld+json\" class=\"yoast-schema-graph\">{\"@context\":\"https:\/\/schema.org\",\"@graph\":[{\"@type\":\"WebPage\",\"@id\":\"https:\/\/www.remise-allgaeu.de\/index.php\/buchung\/\",\"url\":\"https:\/\/www.remise-allgaeu.de\/index.php\/buchung\/\",\"name\":\"Buchung - REMISE Allg\u00e4u\",\"isPartOf\":{\"@id\":\"https:\/\/www.remise-allgaeu.de\/#website\"},\"datePublished\":\"2021-10-12T17:51:16+00:00\",\"dateModified\":\"2026-01-27T20:40:11+00:00\",\"breadcrumb\":{\"@id\":\"https:\/\/www.remise-allgaeu.de\/index.php\/buchung\/#breadcrumb\"},\"inLanguage\":\"de\",\"potentialAction\":[{\"@type\":\"ReadAction\",\"target\":[\"https:\/\/www.remise-allgaeu.de\/index.php\/buchung\/\"]}]},{\"@type\":\"BreadcrumbList\",\"@id\":\"https:\/\/www.remise-allgaeu.de\/index.php\/buchung\/#breadcrumb\",\"itemListElement\":[{\"@type\":\"ListItem\",\"position\":1,\"name\":\"Home\",\"item\":\"https:\/\/www.remise-allgaeu.de\/\"},{\"@type\":\"ListItem\",\"position\":2,\"name\":\"Buchung\"}]},{\"@type\":\"WebSite\",\"@id\":\"https:\/\/www.remise-allgaeu.de\/#website\",\"url\":\"https:\/\/www.remise-allgaeu.de\/\",\"name\":\"REMISE Allg\u00e4u\",\"description\":\"LIEBLINGSQUARTIER WOHNLOFT ALLG\u00c4U WOHNEN STATT WERKEN\",\"publisher\":{\"@id\":\"https:\/\/www.remise-allgaeu.de\/#organization\"},\"potentialAction\":[{\"@type\":\"SearchAction\",\"target\":{\"@type\":\"EntryPoint\",\"urlTemplate\":\"https:\/\/www.remise-allgaeu.de\/?s={search_term_string}\"},\"query-input\":\"required name=search_term_string\"}],\"inLanguage\":\"de\"},{\"@type\":\"Organization\",\"@id\":\"https:\/\/www.remise-allgaeu.de\/#organization\",\"name\":\"Remise Loft Allg\u00e4u\",\"url\":\"https:\/\/www.remise-allgaeu.de\/\",\"logo\":{\"@type\":\"ImageObject\",\"inLanguage\":\"de\",\"@id\":\"https:\/\/www.remise-allgaeu.de\/#\/schema\/logo\/image\/\",\"url\":\"https:\/\/www.remise-allgaeu.de\/wp-content\/uploads\/2021\/10\/cropped-cropped-remise_logo_01.jpg\",\"contentUrl\":\"https:\/\/www.remise-allgaeu.de\/wp-content\/uploads\/2021\/10\/cropped-cropped-remise_logo_01.jpg\",\"width\":86,\"height\":69,\"caption\":\"Remise Loft Allg\u00e4u\"},\"image\":{\"@id\":\"https:\/\/www.remise-allgaeu.de\/#\/schema\/logo\/image\/\"},\"sameAs\":[\"https:\/\/www.instagram.com\/remiseallgaeu\"]}]}<\/script>\n<!-- \/ Yoast SEO plugin. -->","yoast_head_json":{"title":"Buchung - REMISE Allg\u00e4u","robots":{"index":"index","follow":"follow","max-snippet":"max-snippet:-1","max-image-preview":"max-image-preview:large","max-video-preview":"max-video-preview:-1"},"canonical":"https:\/\/www.remise-allgaeu.de\/index.php\/buchung\/","og_locale":"de_DE","og_type":"article","og_title":"Buchung - REMISE Allg\u00e4u","og_description":"Ausstattung der Loft-Remise-Wohnung Es ist f\u00fcr 4 Personen ausgelegt und verf\u00fcgt \u00fcber 2 Schlafzimmer je ein Doppelbett von 180 cm Breite &nbsp;( je 200x 90 cm breiten Matratzen und je ...","og_url":"https:\/\/www.remise-allgaeu.de\/index.php\/buchung\/","og_site_name":"REMISE Allg\u00e4u","article_modified_time":"2026-01-27T20:40:11+00:00","twitter_card":"summary_large_image","twitter_misc":{"Gesch\u00e4tzte Lesezeit":"3\u00a0Minuten"},"schema":{"@context":"https:\/\/schema.org","@graph":[{"@type":"WebPage","@id":"https:\/\/www.remise-allgaeu.de\/index.php\/buchung\/","url":"https:\/\/www.remise-allgaeu.de\/index.php\/buchung\/","name":"Buchung - REMISE Allg\u00e4u","isPartOf":{"@id":"https:\/\/www.remise-allgaeu.de\/#website"},"datePublished":"2021-10-12T17:51:16+00:00","dateModified":"2026-01-27T20:40:11+00:00","breadcrumb":{"@id":"https:\/\/www.remise-allgaeu.de\/index.php\/buchung\/#breadcrumb"},"inLanguage":"de","potentialAction":[{"@type":"ReadAction","target":["https:\/\/www.remise-allgaeu.de\/index.php\/buchung\/"]}]},{"@type":"BreadcrumbList","@id":"https:\/\/www.remise-allgaeu.de\/index.php\/buchung\/#breadcrumb","itemListElement":[{"@type":"ListItem","position":1,"name":"Home","item":"https:\/\/www.remise-allgaeu.de\/"},{"@type":"ListItem","position":2,"name":"Buchung"}]},{"@type":"WebSite","@id":"https:\/\/www.remise-allgaeu.de\/#website","url":"https:\/\/www.remise-allgaeu.de\/","name":"REMISE Allg\u00e4u","description":"LIEBLINGSQUARTIER WOHNLOFT ALLG\u00c4U WOHNEN STATT WERKEN","publisher":{"@id":"https:\/\/www.remise-allgaeu.de\/#organization"},"potentialAction":[{"@type":"SearchAction","target":{"@type":"EntryPoint","urlTemplate":"https:\/\/www.remise-allgaeu.de\/?s={search_term_string}"},"query-input":"required name=search_term_string"}],"inLanguage":"de"},{"@type":"Organization","@id":"https:\/\/www.remise-allgaeu.de\/#organization","name":"Remise Loft Allg\u00e4u","url":"https:\/\/www.remise-allgaeu.de\/","logo":{"@type":"ImageObject","inLanguage":"de","@id":"https:\/\/www.remise-allgaeu.de\/#\/schema\/logo\/image\/","url":"https:\/\/www.remise-allgaeu.de\/wp-content\/uploads\/2021\/10\/cropped-cropped-remise_logo_01.jpg","contentUrl":"https:\/\/www.remise-allgaeu.de\/wp-content\/uploads\/2021\/10\/cropped-cropped-remise_logo_01.jpg","width":86,"height":69,"caption":"Remise Loft Allg\u00e4u"},"image":{"@id":"https:\/\/www.remise-allgaeu.de\/#\/schema\/logo\/image\/"},"sameAs":["https:\/\/www.instagram.com\/remiseallgaeu"]}]}},"_links":{"self":[{"href":"https:\/\/www.remise-allgaeu.de\/index.php\/wp-json\/wp\/v2\/pages\/1527"}],"collection":[{"href":"https:\/\/www.remise-allgaeu.de\/index.php\/wp-json\/wp\/v2\/pages"}],"about":[{"href":"https:\/\/www.remise-allgaeu.de\/index.php\/wp-json\/wp\/v2\/types\/page"}],"author":[{"embeddable":true,"href":"https:\/\/www.remise-allgaeu.de\/index.php\/wp-json\/wp\/v2\/users\/2"}],"replies":[{"embeddable":true,"href":"https:\/\/www.remise-allgaeu.de\/index.php\/wp-json\/wp\/v2\/comments?post=1527"}],"version-history":[{"count":37,"href":"https:\/\/www.remise-allgaeu.de\/index.php\/wp-json\/wp\/v2\/pages\/1527\/revisions"}],"predecessor-version":[{"id":2249,"href":"https:\/\/www.remise-allgaeu.de\/index.php\/wp-json\/wp\/v2\/pages\/1527\/revisions\/2249"}],"wp:attachment":[{"href":"https:\/\/www.remise-allgaeu.de\/index.php\/wp-json\/wp\/v2\/media?parent=1527"}],"curies":[{"name":"wp","href":"https:\/\/api.w.org\/{rel}","templated":true}]}}