{"id":1522,"date":"2021-10-12T17:49:47","date_gmt":"2021-10-12T17:49:47","guid":{"rendered":"https:\/\/xn--remise-allgu-qcb.de\/?page_id=1522"},"modified":"2021-10-29T13:10:29","modified_gmt":"2021-10-29T13:10:29","slug":"lage-umgebung","status":"publish","type":"page","link":"https:\/\/www.remise-allgaeu.de\/index.php\/lage-umgebung\/","title":{"rendered":"Lage\/Umgebung"},"content":{"rendered":"\n<h1><small>Luftkurort &#8211; Ganz nah am Paradies<\/small><\/h1>\n\n\n\n<p>Oberreute, die Sonnenterrasse des Westallg\u00e4us (800 m bis 1.041 m \u00fc.M.), liegt verkehrsg\u00fcnstig an der Deutschen Alpenstra\u00dfe zwischen Bodensee und Alpen und bietet ideale Wander- und Ausflugsm\u00f6glichkeiten.<\/p>\n\n\n\n<figure class=\"wp-block-image size-large is-resized\"><img loading=\"lazy\" src=\"https:\/\/xn--remise-allgu-qcb.de\/wp-content\/uploads\/2021\/10\/IMG_5414_Bild-VG-1024x823.jpg\" alt=\"\" class=\"wp-image-1438\" width=\"977\" height=\"785\" srcset=\"https:\/\/www.remise-allgaeu.de\/wp-content\/uploads\/2021\/10\/IMG_5414_Bild-VG-1024x823.jpg 1024w, https:\/\/www.remise-allgaeu.de\/wp-content\/uploads\/2021\/10\/IMG_5414_Bild-VG-300x241.jpg 300w, https:\/\/www.remise-allgaeu.de\/wp-content\/uploads\/2021\/10\/IMG_5414_Bild-VG-768x617.jpg 768w, https:\/\/www.remise-allgaeu.de\/wp-content\/uploads\/2021\/10\/IMG_5414_Bild-VG-1536x1234.jpg 1536w, https:\/\/www.remise-allgaeu.de\/wp-content\/uploads\/2021\/10\/IMG_5414_Bild-VG-2048x1645.jpg 2048w\" sizes=\"(max-width: 977px) 100vw, 977px\" \/><\/figure>\n\n\n\n<p><\/p>\n\n\n\n<p><a rel=\"noreferrer noopener\" href=\"https:\/\/www.oberreute.de\/\" target=\"_blank\">Zur Gemeinde Oberreute anbei einige Information<\/a> <\/p>\n\n\n\n<h2><small>Aktivit\u00e4ten<\/small><\/h2>\n\n\n\n\n\n\n<h2><small>Essen &amp; Trinken<\/small><\/h2>\n\n\n<div class=\"blog\"><article id=\"post-2239\" class=\"list-article clearfix post-2239 post type-post status-publish format-standard has-post-thumbnail hentry\"><div class=\"list-article-thumb\"><img width=\"300\" height=\"150\" src=\"https:\/\/www.remise-allgaeu.de\/wp-content\/uploads\/2026\/01\/68f45597-f5e3-4608-8800-51d3bff1ed2b-300x150.jpg\" class=\"attachment-300x150 size-300x150 wp-post-image\" alt=\"\" loading=\"lazy\" \/><\/div><div class=\"list-article-content\"><div class=\"article-meta\"><a href=\"https:\/\/www.remise-allgaeu.de\/index.php\/category\/essen-trinken\/\" rel=\"category tag\">Essen &amp; Trinken<\/a> \/ <a href=\"https:\/\/www.remise-allgaeu.de\/index.php\/category\/remise-news\/\" rel=\"category tag\">Remise News<\/a><\/div><header class=\"entry-header\"><h2 class=\"entry-title\"><a href=\"https:\/\/www.remise-allgaeu.de\/index.php\/2026\/01\/12\/geniessen-will-gelernt-sein\/\">Genie\u00dfen will gelernt sein!<\/a><\/h2><\/header><div class=\"entry-excerpt\"><p>Sie lieben Sushi und wollten es schon immer lernen, wie man Nigiri, Hosomaki und Uramaki selbst herstellt? Hier bei uns in der Remise hatten wir mit Axel Thiel Sushi &amp; ...<\/p><\/div><\/div><\/article><article id=\"post-1920\" class=\"list-article clearfix post-1920 post type-post status-publish format-standard has-post-thumbnail hentry\"><div class=\"list-article-thumb\"><img width=\"300\" height=\"150\" src=\"https:\/\/www.remise-allgaeu.de\/wp-content\/uploads\/2022\/01\/IMG_20220115_140519_452-300x150.jpg\" class=\"attachment-300x150 size-300x150 wp-post-image\" alt=\"\" loading=\"lazy\" \/><\/div><div class=\"list-article-content\"><div class=\"article-meta\"><a href=\"https:\/\/www.remise-allgaeu.de\/index.php\/category\/essen-trinken\/\" rel=\"category tag\">Essen &amp; Trinken<\/a><\/div><header class=\"entry-header\"><h2 class=\"entry-title\"><a href=\"https:\/\/www.remise-allgaeu.de\/index.php\/2022\/01\/15\/its-teetime\/\">It`s Teetime<\/a><\/h2><\/header><div class=\"entry-excerpt\"><p><\/p><\/div><\/div><\/article><article id=\"post-1683\" class=\"list-article clearfix post-1683 post type-post status-publish format-standard has-post-thumbnail hentry\"><div class=\"list-article-thumb\"><img width=\"300\" height=\"150\" src=\"https:\/\/www.remise-allgaeu.de\/wp-content\/uploads\/2021\/10\/KaeseLaden-300x150.png\" class=\"attachment-300x150 size-300x150 wp-post-image\" alt=\"\" loading=\"lazy\" \/><\/div><div class=\"list-article-content\"><div class=\"article-meta\"><a href=\"https:\/\/www.remise-allgaeu.de\/index.php\/category\/essen-trinken\/\" rel=\"category tag\">Essen &amp; Trinken<\/a><\/div><header class=\"entry-header\"><h2 class=\"entry-title\"><a href=\"https:\/\/www.remise-allgaeu.de\/index.php\/2021\/10\/14\/d-dorflade\/\">d\u00b4 Dorflade<\/a><\/h2><\/header><div class=\"entry-excerpt\"><p>Frisch und regional &amp; Cafe Sie suchen ein besonderes Geschmackserlebnis? Dann sind Sie bei uns genau richtig! Wir versorgen Sie mit K\u00e4se aus eigener Herstellung und mit einem ausreichenden Sortiment ...<\/p><\/div><\/div><\/article><article id=\"post-1632\" class=\"list-article clearfix post-1632 post type-post status-publish format-standard has-post-thumbnail hentry\"><div class=\"list-article-thumb\"><img width=\"300\" height=\"150\" src=\"https:\/\/www.remise-allgaeu.de\/wp-content\/uploads\/2021\/10\/Fezzo-300x150.png\" class=\"attachment-300x150 size-300x150 wp-post-image\" alt=\"\" loading=\"lazy\" \/><\/div><div class=\"list-article-content\"><div class=\"article-meta\"><a href=\"https:\/\/www.remise-allgaeu.de\/index.php\/category\/essen-trinken\/\" rel=\"category tag\">Essen &amp; Trinken<\/a><\/div><header class=\"entry-header\"><h2 class=\"entry-title\"><a href=\"https:\/\/www.remise-allgaeu.de\/index.php\/2021\/10\/13\/fezzo-dorfwirtschaft-mit-tradition\/\">FEZZO Dorfwirtschaft mit Tradition<\/a><\/h2><\/header><div class=\"entry-excerpt\"><p>Bodenst\u00e4ndige K\u00fcche &#8211; Stammtisch &#8211; Sparclub &#8211; Kegelbahn &#8211; Biergarten Fast wie fr\u00fcher&#8230; G\u00e4ste aus Nah und Fern, Einheimische und Urlauber, Jung und Alt, Familien und Vereine finden im neuen ...<\/p><\/div><\/div><\/article><article id=\"post-1629\" class=\"list-article clearfix post-1629 post type-post status-publish format-standard has-post-thumbnail hentry\"><div class=\"list-article-thumb\"><img width=\"300\" height=\"150\" src=\"https:\/\/www.remise-allgaeu.de\/wp-content\/uploads\/2021\/10\/Terrassentisch-300x150.jpg\" class=\"attachment-300x150 size-300x150 wp-post-image\" alt=\"\" loading=\"lazy\" \/><\/div><div class=\"list-article-content\"><div class=\"article-meta\"><a href=\"https:\/\/www.remise-allgaeu.de\/index.php\/category\/essen-trinken\/\" rel=\"category tag\">Essen &amp; Trinken<\/a><\/div><header class=\"entry-header\"><h2 class=\"entry-title\"><a href=\"https:\/\/www.remise-allgaeu.de\/index.php\/2021\/10\/13\/landhotel-krone\/\">Landhotel Krone<\/a><\/h2><\/header><div class=\"entry-excerpt\"><p>Restaurant Landhotel Krone in Oberreute kann in 2 separate R\u00e4umlichkeiten unterteilt werden und verf\u00fcgt \u00fcber eine Showk\u00fcche und eine gem\u00fctliche Sonnenterrasse. Lassen Sie sich kulinarisch vom Chef des Hauses verw\u00f6hnen! ...<\/p><\/div><\/div><\/article><\/div>\n\n\n\n<h2><small>Shopping<\/small><\/h2>\n\n\n<div class=\"blog\"><article id=\"post-1654\" class=\"list-article clearfix post-1654 post type-post status-publish format-standard has-post-thumbnail hentry\"><div class=\"list-article-thumb\"><img width=\"300\" height=\"150\" src=\"https:\/\/www.remise-allgaeu.de\/wp-content\/uploads\/2021\/10\/facebook_banner_01-2-300x150.jpg\" class=\"attachment-300x150 size-300x150 wp-post-image\" alt=\"\" loading=\"lazy\" \/><\/div><div class=\"list-article-content\"><div class=\"article-meta\"><a href=\"https:\/\/www.remise-allgaeu.de\/index.php\/category\/shopping\/\" rel=\"category tag\">Shopping<\/a><\/div><header class=\"entry-header\"><h2 class=\"entry-title\"><a href=\"https:\/\/www.remise-allgaeu.de\/index.php\/2021\/10\/13\/nabeje-shop-in-the-name-of-love\/\">Nabeje<\/a><\/h2><\/header><div class=\"entry-excerpt\"><p>SHOP IN THE NAME OF LOVE NATURAL BEAUTIFUL JEWLERLY &amp; MORE&nbsp; *GOOD VIBES ONLY* Nabeje stellt eine Plattform f\u00fcr Kreatives, Selbstgemachtes in jeglicher Form an Materialen f\u00fcr Selbstst\u00e4ndige dar. Das ...<\/p><\/div><\/div><\/article><\/div>\n","protected":false},"excerpt":{"rendered":"<p>Luftkurort &#8211; Ganz nah am Paradies Oberreute, die Sonnenterrasse des Westallg\u00e4us (800 m bis 1.041 m \u00fc.M.), liegt verkehrsg\u00fcnstig an der Deutschen Alpenstra\u00dfe zwischen Bodensee und Alpen und bietet ideale &#8230;<\/p>\n","protected":false},"author":2,"featured_media":0,"parent":0,"menu_order":0,"comment_status":"closed","ping_status":"closed","template":"","meta":[],"yoast_head":"<!-- This site is optimized with the Yoast SEO plugin v20.4 - https:\/\/yoast.com\/wordpress\/plugins\/seo\/ -->\n<title>Lage\/Umgebung - REMISE Allg\u00e4u<\/title>\n<meta name=\"robots\" content=\"index, follow, max-snippet:-1, max-image-preview:large, max-video-preview:-1\" \/>\n<link rel=\"canonical\" href=\"https:\/\/www.remise-allgaeu.de\/index.php\/lage-umgebung\/\" \/>\n<meta property=\"og:locale\" content=\"de_DE\" \/>\n<meta property=\"og:type\" content=\"article\" \/>\n<meta property=\"og:title\" content=\"Lage\/Umgebung - REMISE Allg\u00e4u\" \/>\n<meta property=\"og:description\" content=\"Luftkurort &#8211; Ganz nah am Paradies Oberreute, die Sonnenterrasse des Westallg\u00e4us (800 m bis 1.041 m \u00fc.M.), liegt verkehrsg\u00fcnstig an der Deutschen Alpenstra\u00dfe zwischen Bodensee und Alpen und bietet ideale ...\" \/>\n<meta property=\"og:url\" content=\"https:\/\/www.remise-allgaeu.de\/index.php\/lage-umgebung\/\" \/>\n<meta property=\"og:site_name\" content=\"REMISE Allg\u00e4u\" \/>\n<meta property=\"article:modified_time\" content=\"2021-10-29T13:10:29+00:00\" \/>\n<meta property=\"og:image\" content=\"https:\/\/xn--remise-allgu-qcb.de\/wp-content\/uploads\/2021\/10\/IMG_5414_Bild-VG-1024x823.jpg\" \/>\n<meta name=\"twitter:card\" content=\"summary_large_image\" \/>\n<script type=\"application\/ld+json\" class=\"yoast-schema-graph\">{\"@context\":\"https:\/\/schema.org\",\"@graph\":[{\"@type\":\"WebPage\",\"@id\":\"https:\/\/www.remise-allgaeu.de\/index.php\/lage-umgebung\/\",\"url\":\"https:\/\/www.remise-allgaeu.de\/index.php\/lage-umgebung\/\",\"name\":\"Lage\/Umgebung - REMISE Allg\u00e4u\",\"isPartOf\":{\"@id\":\"https:\/\/www.remise-allgaeu.de\/#website\"},\"datePublished\":\"2021-10-12T17:49:47+00:00\",\"dateModified\":\"2021-10-29T13:10:29+00:00\",\"breadcrumb\":{\"@id\":\"https:\/\/www.remise-allgaeu.de\/index.php\/lage-umgebung\/#breadcrumb\"},\"inLanguage\":\"de\",\"potentialAction\":[{\"@type\":\"ReadAction\",\"target\":[\"https:\/\/www.remise-allgaeu.de\/index.php\/lage-umgebung\/\"]}]},{\"@type\":\"BreadcrumbList\",\"@id\":\"https:\/\/www.remise-allgaeu.de\/index.php\/lage-umgebung\/#breadcrumb\",\"itemListElement\":[{\"@type\":\"ListItem\",\"position\":1,\"name\":\"Home\",\"item\":\"https:\/\/www.remise-allgaeu.de\/\"},{\"@type\":\"ListItem\",\"position\":2,\"name\":\"Lage\/Umgebung\"}]},{\"@type\":\"WebSite\",\"@id\":\"https:\/\/www.remise-allgaeu.de\/#website\",\"url\":\"https:\/\/www.remise-allgaeu.de\/\",\"name\":\"REMISE Allg\u00e4u\",\"description\":\"LIEBLINGSQUARTIER WOHNLOFT ALLG\u00c4U WOHNEN STATT WERKEN\",\"publisher\":{\"@id\":\"https:\/\/www.remise-allgaeu.de\/#organization\"},\"potentialAction\":[{\"@type\":\"SearchAction\",\"target\":{\"@type\":\"EntryPoint\",\"urlTemplate\":\"https:\/\/www.remise-allgaeu.de\/?s={search_term_string}\"},\"query-input\":\"required name=search_term_string\"}],\"inLanguage\":\"de\"},{\"@type\":\"Organization\",\"@id\":\"https:\/\/www.remise-allgaeu.de\/#organization\",\"name\":\"Remise Loft Allg\u00e4u\",\"url\":\"https:\/\/www.remise-allgaeu.de\/\",\"logo\":{\"@type\":\"ImageObject\",\"inLanguage\":\"de\",\"@id\":\"https:\/\/www.remise-allgaeu.de\/#\/schema\/logo\/image\/\",\"url\":\"https:\/\/www.remise-allgaeu.de\/wp-content\/uploads\/2021\/10\/cropped-cropped-remise_logo_01.jpg\",\"contentUrl\":\"https:\/\/www.remise-allgaeu.de\/wp-content\/uploads\/2021\/10\/cropped-cropped-remise_logo_01.jpg\",\"width\":86,\"height\":69,\"caption\":\"Remise Loft Allg\u00e4u\"},\"image\":{\"@id\":\"https:\/\/www.remise-allgaeu.de\/#\/schema\/logo\/image\/\"},\"sameAs\":[\"https:\/\/www.instagram.com\/remiseallgaeu\"]}]}<\/script>\n<!-- \/ Yoast SEO plugin. -->","yoast_head_json":{"title":"Lage\/Umgebung - REMISE Allg\u00e4u","robots":{"index":"index","follow":"follow","max-snippet":"max-snippet:-1","max-image-preview":"max-image-preview:large","max-video-preview":"max-video-preview:-1"},"canonical":"https:\/\/www.remise-allgaeu.de\/index.php\/lage-umgebung\/","og_locale":"de_DE","og_type":"article","og_title":"Lage\/Umgebung - REMISE Allg\u00e4u","og_description":"Luftkurort &#8211; Ganz nah am Paradies Oberreute, die Sonnenterrasse des Westallg\u00e4us (800 m bis 1.041 m \u00fc.M.), liegt verkehrsg\u00fcnstig an der Deutschen Alpenstra\u00dfe zwischen Bodensee und Alpen und bietet ideale ...","og_url":"https:\/\/www.remise-allgaeu.de\/index.php\/lage-umgebung\/","og_site_name":"REMISE Allg\u00e4u","article_modified_time":"2021-10-29T13:10:29+00:00","og_image":[{"url":"https:\/\/xn--remise-allgu-qcb.de\/wp-content\/uploads\/2021\/10\/IMG_5414_Bild-VG-1024x823.jpg"}],"twitter_card":"summary_large_image","schema":{"@context":"https:\/\/schema.org","@graph":[{"@type":"WebPage","@id":"https:\/\/www.remise-allgaeu.de\/index.php\/lage-umgebung\/","url":"https:\/\/www.remise-allgaeu.de\/index.php\/lage-umgebung\/","name":"Lage\/Umgebung - REMISE Allg\u00e4u","isPartOf":{"@id":"https:\/\/www.remise-allgaeu.de\/#website"},"datePublished":"2021-10-12T17:49:47+00:00","dateModified":"2021-10-29T13:10:29+00:00","breadcrumb":{"@id":"https:\/\/www.remise-allgaeu.de\/index.php\/lage-umgebung\/#breadcrumb"},"inLanguage":"de","potentialAction":[{"@type":"ReadAction","target":["https:\/\/www.remise-allgaeu.de\/index.php\/lage-umgebung\/"]}]},{"@type":"BreadcrumbList","@id":"https:\/\/www.remise-allgaeu.de\/index.php\/lage-umgebung\/#breadcrumb","itemListElement":[{"@type":"ListItem","position":1,"name":"Home","item":"https:\/\/www.remise-allgaeu.de\/"},{"@type":"ListItem","position":2,"name":"Lage\/Umgebung"}]},{"@type":"WebSite","@id":"https:\/\/www.remise-allgaeu.de\/#website","url":"https:\/\/www.remise-allgaeu.de\/","name":"REMISE Allg\u00e4u","description":"LIEBLINGSQUARTIER WOHNLOFT ALLG\u00c4U WOHNEN STATT WERKEN","publisher":{"@id":"https:\/\/www.remise-allgaeu.de\/#organization"},"potentialAction":[{"@type":"SearchAction","target":{"@type":"EntryPoint","urlTemplate":"https:\/\/www.remise-allgaeu.de\/?s={search_term_string}"},"query-input":"required name=search_term_string"}],"inLanguage":"de"},{"@type":"Organization","@id":"https:\/\/www.remise-allgaeu.de\/#organization","name":"Remise Loft Allg\u00e4u","url":"https:\/\/www.remise-allgaeu.de\/","logo":{"@type":"ImageObject","inLanguage":"de","@id":"https:\/\/www.remise-allgaeu.de\/#\/schema\/logo\/image\/","url":"https:\/\/www.remise-allgaeu.de\/wp-content\/uploads\/2021\/10\/cropped-cropped-remise_logo_01.jpg","contentUrl":"https:\/\/www.remise-allgaeu.de\/wp-content\/uploads\/2021\/10\/cropped-cropped-remise_logo_01.jpg","width":86,"height":69,"caption":"Remise Loft Allg\u00e4u"},"image":{"@id":"https:\/\/www.remise-allgaeu.de\/#\/schema\/logo\/image\/"},"sameAs":["https:\/\/www.instagram.com\/remiseallgaeu"]}]}},"_links":{"self":[{"href":"https:\/\/www.remise-allgaeu.de\/index.php\/wp-json\/wp\/v2\/pages\/1522"}],"collection":[{"href":"https:\/\/www.remise-allgaeu.de\/index.php\/wp-json\/wp\/v2\/pages"}],"about":[{"href":"https:\/\/www.remise-allgaeu.de\/index.php\/wp-json\/wp\/v2\/types\/page"}],"author":[{"embeddable":true,"href":"https:\/\/www.remise-allgaeu.de\/index.php\/wp-json\/wp\/v2\/users\/2"}],"replies":[{"embeddable":true,"href":"https:\/\/www.remise-allgaeu.de\/index.php\/wp-json\/wp\/v2\/comments?post=1522"}],"version-history":[{"count":19,"href":"https:\/\/www.remise-allgaeu.de\/index.php\/wp-json\/wp\/v2\/pages\/1522\/revisions"}],"predecessor-version":[{"id":1790,"href":"https:\/\/www.remise-allgaeu.de\/index.php\/wp-json\/wp\/v2\/pages\/1522\/revisions\/1790"}],"wp:attachment":[{"href":"https:\/\/www.remise-allgaeu.de\/index.php\/wp-json\/wp\/v2\/media?parent=1522"}],"curies":[{"name":"wp","href":"https:\/\/api.w.org\/{rel}","templated":true}]}}