{"id":1515,"date":"2021-10-12T17:44:04","date_gmt":"2021-10-12T17:44:04","guid":{"rendered":"https:\/\/xn--remise-allgu-qcb.de\/?page_id=1515"},"modified":"2021-11-08T19:17:01","modified_gmt":"2021-11-08T19:17:01","slug":"ueber-die-remise","status":"publish","type":"page","link":"https:\/\/www.remise-allgaeu.de\/index.php\/ueber-die-remise\/","title":{"rendered":"\u00dcber die Remise"},"content":{"rendered":"\n<p>Als wir dieses Bauernhaus mit Remise, Stallungen, Scheune\u00a0und Garten in Oberreute entdeckten, wussten wir, dass wir etwas Besonderes gefunden hatten. Urspr\u00fcnglich wurde die um 1904 erbaute Remise\u00a0als Werkstatt genutzt. Nachdem das Geb\u00e4ude fast vier Jahrzehnte nicht benutzt wurde, entschieden wir 2020 von Grund auf zu renovieren. \u00a0Die Verwandlung in eine Ferienwohnung f\u00fcr die Familie, Freunde und f\u00fcr G\u00e4ste.<\/p>\n\n\n\n<p>Wenn sie an einem Wochenende oder Ferien in Oberreute interessiert sind und mehr \u00fcber die Remise, das Dorf oder \u00fcber das wundersch\u00f6ne Allg\u00e4u wissen wollen, dann w\u00fcrden wir uns freuen Sie als G\u00e4ste bei uns begr\u00fc\u00dfen zu d\u00fcrfen und sagen:<\/p>\n\n\n\n<p><em>&nbsp;\u201eHerzlich Willkommen\u201c<\/em><\/p>\n\n\n\n<p><strong>Verwandlung einer ehemaligen Remise in eine Wohneinheit<\/strong><\/p>\n\n\n\n<p>Die Remise vor dem Ausbau:<\/p>\n\n\n\n<p><em>Wir, die Bauherren haben uns in die marode Remise verliebt !&nbsp;<\/em><\/p>\n\n\n\n<figure class=\"wp-container-2 wp-block-gallery-1 wp-block-gallery columns-3 is-cropped\"><ul class=\"blocks-gallery-grid\"><li class=\"blocks-gallery-item\"><figure><img loading=\"lazy\" width=\"769\" height=\"1024\" src=\"https:\/\/xn--remise-allgu-qcb.de\/wp-content\/uploads\/2021\/10\/20211012_165003-1-769x1024.jpg\" alt=\"\" data-id=\"1477\" data-full-url=\"https:\/\/xn--remise-allgu-qcb.de\/wp-content\/uploads\/2021\/10\/20211012_165003-1.jpg\" data-link=\"https:\/\/xn--remise-allgu-qcb.de\/index.php\/our-history\/20211012_165003-2\/\" class=\"wp-image-1477\" srcset=\"https:\/\/www.remise-allgaeu.de\/wp-content\/uploads\/2021\/10\/20211012_165003-1-769x1024.jpg 769w, https:\/\/www.remise-allgaeu.de\/wp-content\/uploads\/2021\/10\/20211012_165003-1-225x300.jpg 225w, https:\/\/www.remise-allgaeu.de\/wp-content\/uploads\/2021\/10\/20211012_165003-1-768x1023.jpg 768w, https:\/\/www.remise-allgaeu.de\/wp-content\/uploads\/2021\/10\/20211012_165003-1.jpg 1078w\" sizes=\"(max-width: 769px) 100vw, 769px\" \/><\/figure><\/li><li class=\"blocks-gallery-item\"><figure><img loading=\"lazy\" width=\"1024\" height=\"768\" src=\"https:\/\/xn--remise-allgu-qcb.de\/wp-content\/uploads\/2021\/10\/d8c582c9-83dd-452a-be80-e0a113bdf2bd-1024x768.jpg\" alt=\"\" data-id=\"1478\" data-full-url=\"https:\/\/xn--remise-allgu-qcb.de\/wp-content\/uploads\/2021\/10\/d8c582c9-83dd-452a-be80-e0a113bdf2bd.jpg\" data-link=\"https:\/\/xn--remise-allgu-qcb.de\/index.php\/our-history\/d8c582c9-83dd-452a-be80-e0a113bdf2bd\/\" class=\"wp-image-1478\" srcset=\"https:\/\/www.remise-allgaeu.de\/wp-content\/uploads\/2021\/10\/d8c582c9-83dd-452a-be80-e0a113bdf2bd-1024x768.jpg 1024w, https:\/\/www.remise-allgaeu.de\/wp-content\/uploads\/2021\/10\/d8c582c9-83dd-452a-be80-e0a113bdf2bd-300x225.jpg 300w, https:\/\/www.remise-allgaeu.de\/wp-content\/uploads\/2021\/10\/d8c582c9-83dd-452a-be80-e0a113bdf2bd-768x576.jpg 768w, https:\/\/www.remise-allgaeu.de\/wp-content\/uploads\/2021\/10\/d8c582c9-83dd-452a-be80-e0a113bdf2bd-1536x1152.jpg 1536w, https:\/\/www.remise-allgaeu.de\/wp-content\/uploads\/2021\/10\/d8c582c9-83dd-452a-be80-e0a113bdf2bd.jpg 1600w\" sizes=\"(max-width: 1024px) 100vw, 1024px\" \/><\/figure><\/li><li class=\"blocks-gallery-item\"><figure><img loading=\"lazy\" width=\"768\" height=\"1024\" src=\"https:\/\/xn--remise-allgu-qcb.de\/wp-content\/uploads\/2021\/10\/e76d1da3-e8e9-4f49-9770-8b504d79edd8-1-768x1024.jpg\" alt=\"\" data-id=\"1485\" data-full-url=\"https:\/\/xn--remise-allgu-qcb.de\/wp-content\/uploads\/2021\/10\/e76d1da3-e8e9-4f49-9770-8b504d79edd8-1.jpg\" data-link=\"https:\/\/xn--remise-allgu-qcb.de\/index.php\/our-history\/e76d1da3-e8e9-4f49-9770-8b504d79edd8-1\/\" class=\"wp-image-1485\" srcset=\"https:\/\/www.remise-allgaeu.de\/wp-content\/uploads\/2021\/10\/e76d1da3-e8e9-4f49-9770-8b504d79edd8-1-768x1024.jpg 768w, https:\/\/www.remise-allgaeu.de\/wp-content\/uploads\/2021\/10\/e76d1da3-e8e9-4f49-9770-8b504d79edd8-1-225x300.jpg 225w, https:\/\/www.remise-allgaeu.de\/wp-content\/uploads\/2021\/10\/e76d1da3-e8e9-4f49-9770-8b504d79edd8-1-1152x1536.jpg 1152w, https:\/\/www.remise-allgaeu.de\/wp-content\/uploads\/2021\/10\/e76d1da3-e8e9-4f49-9770-8b504d79edd8-1.jpg 1200w\" sizes=\"(max-width: 768px) 100vw, 768px\" \/><\/figure><\/li><li class=\"blocks-gallery-item\"><figure><img loading=\"lazy\" width=\"768\" height=\"1024\" src=\"https:\/\/xn--remise-allgu-qcb.de\/wp-content\/uploads\/2021\/10\/3b8b2176-a34f-485c-b26d-88e291802cd4-1-768x1024.jpg\" alt=\"\" data-id=\"1484\" data-full-url=\"https:\/\/xn--remise-allgu-qcb.de\/wp-content\/uploads\/2021\/10\/3b8b2176-a34f-485c-b26d-88e291802cd4-1.jpg\" data-link=\"https:\/\/xn--remise-allgu-qcb.de\/index.php\/our-history\/3b8b2176-a34f-485c-b26d-88e291802cd4-1\/\" class=\"wp-image-1484\" srcset=\"https:\/\/www.remise-allgaeu.de\/wp-content\/uploads\/2021\/10\/3b8b2176-a34f-485c-b26d-88e291802cd4-1-768x1024.jpg 768w, https:\/\/www.remise-allgaeu.de\/wp-content\/uploads\/2021\/10\/3b8b2176-a34f-485c-b26d-88e291802cd4-1-225x300.jpg 225w, https:\/\/www.remise-allgaeu.de\/wp-content\/uploads\/2021\/10\/3b8b2176-a34f-485c-b26d-88e291802cd4-1-1152x1536.jpg 1152w, https:\/\/www.remise-allgaeu.de\/wp-content\/uploads\/2021\/10\/3b8b2176-a34f-485c-b26d-88e291802cd4-1.jpg 1200w\" sizes=\"(max-width: 768px) 100vw, 768px\" \/><\/figure><\/li><li class=\"blocks-gallery-item\"><figure><img loading=\"lazy\" width=\"960\" height=\"638\" src=\"https:\/\/xn--remise-allgu-qcb.de\/wp-content\/uploads\/2021\/10\/1376313_10200586826541336_329216985_n.jpg\" alt=\"\" data-id=\"1470\" data-full-url=\"https:\/\/xn--remise-allgu-qcb.de\/wp-content\/uploads\/2021\/10\/1376313_10200586826541336_329216985_n.jpg\" data-link=\"https:\/\/xn--remise-allgu-qcb.de\/index.php\/our-history\/1376313_10200586826541336_329216985_n\/\" class=\"wp-image-1470\" srcset=\"https:\/\/www.remise-allgaeu.de\/wp-content\/uploads\/2021\/10\/1376313_10200586826541336_329216985_n.jpg 960w, https:\/\/www.remise-allgaeu.de\/wp-content\/uploads\/2021\/10\/1376313_10200586826541336_329216985_n-300x199.jpg 300w, https:\/\/www.remise-allgaeu.de\/wp-content\/uploads\/2021\/10\/1376313_10200586826541336_329216985_n-768x510.jpg 768w\" sizes=\"(max-width: 960px) 100vw, 960px\" \/><\/figure><\/li><li class=\"blocks-gallery-item\"><figure><img loading=\"lazy\" width=\"636\" height=\"960\" src=\"https:\/\/xn--remise-allgu-qcb.de\/wp-content\/uploads\/2021\/10\/1377000_10200586827301355_1412039026_n.jpg\" alt=\"\" data-id=\"1471\" data-full-url=\"https:\/\/xn--remise-allgu-qcb.de\/wp-content\/uploads\/2021\/10\/1377000_10200586827301355_1412039026_n.jpg\" data-link=\"https:\/\/xn--remise-allgu-qcb.de\/index.php\/our-history\/1377000_10200586827301355_1412039026_n\/\" class=\"wp-image-1471\" srcset=\"https:\/\/www.remise-allgaeu.de\/wp-content\/uploads\/2021\/10\/1377000_10200586827301355_1412039026_n.jpg 636w, https:\/\/www.remise-allgaeu.de\/wp-content\/uploads\/2021\/10\/1377000_10200586827301355_1412039026_n-199x300.jpg 199w\" sizes=\"(max-width: 636px) 100vw, 636px\" \/><\/figure><\/li><li class=\"blocks-gallery-item\"><figure><img loading=\"lazy\" width=\"769\" height=\"1024\" src=\"https:\/\/xn--remise-allgu-qcb.de\/wp-content\/uploads\/2021\/10\/20211012_165003-769x1024.jpg\" alt=\"\" data-id=\"1466\" data-full-url=\"https:\/\/xn--remise-allgu-qcb.de\/wp-content\/uploads\/2021\/10\/20211012_165003.jpg\" data-link=\"https:\/\/xn--remise-allgu-qcb.de\/index.php\/our-history\/20211012_165003\/\" class=\"wp-image-1466\" srcset=\"https:\/\/www.remise-allgaeu.de\/wp-content\/uploads\/2021\/10\/20211012_165003-769x1024.jpg 769w, https:\/\/www.remise-allgaeu.de\/wp-content\/uploads\/2021\/10\/20211012_165003-225x300.jpg 225w, https:\/\/www.remise-allgaeu.de\/wp-content\/uploads\/2021\/10\/20211012_165003-768x1023.jpg 768w, https:\/\/www.remise-allgaeu.de\/wp-content\/uploads\/2021\/10\/20211012_165003.jpg 1078w\" sizes=\"(max-width: 769px) 100vw, 769px\" \/><\/figure><\/li><\/ul><\/figure>\n\n\n\n<p> <em>Mit ihrem Besuch erwecken Sie der Remise eines der \u00e4ltesten Geb\u00e4ude von Oberreute zu neuem Leben.<\/em><\/p>\n\n\n\n<figure class=\"wp-block-image size-large\"><img loading=\"lazy\" width=\"1024\" height=\"741\" src=\"https:\/\/xn--remise-allgu-qcb.de\/wp-content\/uploads\/2021\/10\/IMG_1197-1-1024x741.jpg\" alt=\"\" class=\"wp-image-1581\" srcset=\"https:\/\/www.remise-allgaeu.de\/wp-content\/uploads\/2021\/10\/IMG_1197-1-1024x741.jpg 1024w, https:\/\/www.remise-allgaeu.de\/wp-content\/uploads\/2021\/10\/IMG_1197-1-300x217.jpg 300w, https:\/\/www.remise-allgaeu.de\/wp-content\/uploads\/2021\/10\/IMG_1197-1-768x556.jpg 768w, https:\/\/www.remise-allgaeu.de\/wp-content\/uploads\/2021\/10\/IMG_1197-1-1536x1112.jpg 1536w, https:\/\/www.remise-allgaeu.de\/wp-content\/uploads\/2021\/10\/IMG_1197-1-2048x1483.jpg 2048w\" sizes=\"(max-width: 1024px) 100vw, 1024px\" \/><figcaption>Luftbildaufnahme um 1910 <\/figcaption><\/figure>\n","protected":false},"excerpt":{"rendered":"<p>Als wir dieses Bauernhaus mit Remise, Stallungen, Scheune\u00a0und Garten in Oberreute entdeckten, wussten wir, dass wir etwas Besonderes gefunden hatten. Urspr\u00fcnglich wurde die um 1904 erbaute Remise\u00a0als Werkstatt genutzt. Nachdem &#8230;<\/p>\n","protected":false},"author":2,"featured_media":1449,"parent":0,"menu_order":0,"comment_status":"closed","ping_status":"closed","template":"","meta":[],"yoast_head":"<!-- This site is optimized with the Yoast SEO plugin v20.4 - https:\/\/yoast.com\/wordpress\/plugins\/seo\/ -->\n<title>\u00dcber die Remise - REMISE Allg\u00e4u<\/title>\n<meta name=\"robots\" content=\"index, follow, max-snippet:-1, max-image-preview:large, max-video-preview:-1\" \/>\n<link rel=\"canonical\" href=\"https:\/\/www.remise-allgaeu.de\/index.php\/ueber-die-remise\/\" \/>\n<meta property=\"og:locale\" content=\"de_DE\" \/>\n<meta property=\"og:type\" content=\"article\" \/>\n<meta property=\"og:title\" content=\"\u00dcber die Remise - REMISE Allg\u00e4u\" \/>\n<meta property=\"og:description\" content=\"Als wir dieses Bauernhaus mit Remise, Stallungen, Scheune\u00a0und Garten in Oberreute entdeckten, wussten wir, dass wir etwas Besonderes gefunden hatten. Urspr\u00fcnglich wurde die um 1904 erbaute Remise\u00a0als Werkstatt genutzt. Nachdem ...\" \/>\n<meta property=\"og:url\" content=\"https:\/\/www.remise-allgaeu.de\/index.php\/ueber-die-remise\/\" \/>\n<meta property=\"og:site_name\" content=\"REMISE Allg\u00e4u\" \/>\n<meta property=\"article:modified_time\" content=\"2021-11-08T19:17:01+00:00\" \/>\n<meta property=\"og:image\" content=\"https:\/\/www.remise-allgaeu.de\/wp-content\/uploads\/2021\/10\/20211005_182418-scaled-e1633451196863.jpg\" \/>\n\t<meta property=\"og:image:width\" content=\"1987\" \/>\n\t<meta property=\"og:image:height\" content=\"2560\" \/>\n\t<meta property=\"og:image:type\" content=\"image\/jpeg\" \/>\n<meta name=\"twitter:card\" content=\"summary_large_image\" \/>\n<meta name=\"twitter:label1\" content=\"Gesch\u00e4tzte Lesezeit\" \/>\n\t<meta name=\"twitter:data1\" content=\"1\u00a0Minute\" \/>\n<script type=\"application\/ld+json\" class=\"yoast-schema-graph\">{\"@context\":\"https:\/\/schema.org\",\"@graph\":[{\"@type\":\"WebPage\",\"@id\":\"https:\/\/www.remise-allgaeu.de\/index.php\/ueber-die-remise\/\",\"url\":\"https:\/\/www.remise-allgaeu.de\/index.php\/ueber-die-remise\/\",\"name\":\"\u00dcber die Remise - REMISE Allg\u00e4u\",\"isPartOf\":{\"@id\":\"https:\/\/www.remise-allgaeu.de\/#website\"},\"datePublished\":\"2021-10-12T17:44:04+00:00\",\"dateModified\":\"2021-11-08T19:17:01+00:00\",\"breadcrumb\":{\"@id\":\"https:\/\/www.remise-allgaeu.de\/index.php\/ueber-die-remise\/#breadcrumb\"},\"inLanguage\":\"de\",\"potentialAction\":[{\"@type\":\"ReadAction\",\"target\":[\"https:\/\/www.remise-allgaeu.de\/index.php\/ueber-die-remise\/\"]}]},{\"@type\":\"BreadcrumbList\",\"@id\":\"https:\/\/www.remise-allgaeu.de\/index.php\/ueber-die-remise\/#breadcrumb\",\"itemListElement\":[{\"@type\":\"ListItem\",\"position\":1,\"name\":\"Home\",\"item\":\"https:\/\/www.remise-allgaeu.de\/\"},{\"@type\":\"ListItem\",\"position\":2,\"name\":\"\u00dcber die Remise\"}]},{\"@type\":\"WebSite\",\"@id\":\"https:\/\/www.remise-allgaeu.de\/#website\",\"url\":\"https:\/\/www.remise-allgaeu.de\/\",\"name\":\"REMISE Allg\u00e4u\",\"description\":\"LIEBLINGSQUARTIER WOHNLOFT ALLG\u00c4U WOHNEN STATT WERKEN\",\"publisher\":{\"@id\":\"https:\/\/www.remise-allgaeu.de\/#organization\"},\"potentialAction\":[{\"@type\":\"SearchAction\",\"target\":{\"@type\":\"EntryPoint\",\"urlTemplate\":\"https:\/\/www.remise-allgaeu.de\/?s={search_term_string}\"},\"query-input\":\"required name=search_term_string\"}],\"inLanguage\":\"de\"},{\"@type\":\"Organization\",\"@id\":\"https:\/\/www.remise-allgaeu.de\/#organization\",\"name\":\"Remise Loft Allg\u00e4u\",\"url\":\"https:\/\/www.remise-allgaeu.de\/\",\"logo\":{\"@type\":\"ImageObject\",\"inLanguage\":\"de\",\"@id\":\"https:\/\/www.remise-allgaeu.de\/#\/schema\/logo\/image\/\",\"url\":\"https:\/\/www.remise-allgaeu.de\/wp-content\/uploads\/2021\/10\/cropped-cropped-remise_logo_01.jpg\",\"contentUrl\":\"https:\/\/www.remise-allgaeu.de\/wp-content\/uploads\/2021\/10\/cropped-cropped-remise_logo_01.jpg\",\"width\":86,\"height\":69,\"caption\":\"Remise Loft Allg\u00e4u\"},\"image\":{\"@id\":\"https:\/\/www.remise-allgaeu.de\/#\/schema\/logo\/image\/\"},\"sameAs\":[\"https:\/\/www.instagram.com\/remiseallgaeu\"]}]}<\/script>\n<!-- \/ Yoast SEO plugin. -->","yoast_head_json":{"title":"\u00dcber die Remise - REMISE Allg\u00e4u","robots":{"index":"index","follow":"follow","max-snippet":"max-snippet:-1","max-image-preview":"max-image-preview:large","max-video-preview":"max-video-preview:-1"},"canonical":"https:\/\/www.remise-allgaeu.de\/index.php\/ueber-die-remise\/","og_locale":"de_DE","og_type":"article","og_title":"\u00dcber die Remise - REMISE Allg\u00e4u","og_description":"Als wir dieses Bauernhaus mit Remise, Stallungen, Scheune\u00a0und Garten in Oberreute entdeckten, wussten wir, dass wir etwas Besonderes gefunden hatten. Urspr\u00fcnglich wurde die um 1904 erbaute Remise\u00a0als Werkstatt genutzt. Nachdem ...","og_url":"https:\/\/www.remise-allgaeu.de\/index.php\/ueber-die-remise\/","og_site_name":"REMISE Allg\u00e4u","article_modified_time":"2021-11-08T19:17:01+00:00","og_image":[{"width":1987,"height":2560,"url":"https:\/\/www.remise-allgaeu.de\/wp-content\/uploads\/2021\/10\/20211005_182418-scaled-e1633451196863.jpg","type":"image\/jpeg"}],"twitter_card":"summary_large_image","twitter_misc":{"Gesch\u00e4tzte Lesezeit":"1\u00a0Minute"},"schema":{"@context":"https:\/\/schema.org","@graph":[{"@type":"WebPage","@id":"https:\/\/www.remise-allgaeu.de\/index.php\/ueber-die-remise\/","url":"https:\/\/www.remise-allgaeu.de\/index.php\/ueber-die-remise\/","name":"\u00dcber die Remise - REMISE Allg\u00e4u","isPartOf":{"@id":"https:\/\/www.remise-allgaeu.de\/#website"},"datePublished":"2021-10-12T17:44:04+00:00","dateModified":"2021-11-08T19:17:01+00:00","breadcrumb":{"@id":"https:\/\/www.remise-allgaeu.de\/index.php\/ueber-die-remise\/#breadcrumb"},"inLanguage":"de","potentialAction":[{"@type":"ReadAction","target":["https:\/\/www.remise-allgaeu.de\/index.php\/ueber-die-remise\/"]}]},{"@type":"BreadcrumbList","@id":"https:\/\/www.remise-allgaeu.de\/index.php\/ueber-die-remise\/#breadcrumb","itemListElement":[{"@type":"ListItem","position":1,"name":"Home","item":"https:\/\/www.remise-allgaeu.de\/"},{"@type":"ListItem","position":2,"name":"\u00dcber die Remise"}]},{"@type":"WebSite","@id":"https:\/\/www.remise-allgaeu.de\/#website","url":"https:\/\/www.remise-allgaeu.de\/","name":"REMISE Allg\u00e4u","description":"LIEBLINGSQUARTIER WOHNLOFT ALLG\u00c4U WOHNEN STATT WERKEN","publisher":{"@id":"https:\/\/www.remise-allgaeu.de\/#organization"},"potentialAction":[{"@type":"SearchAction","target":{"@type":"EntryPoint","urlTemplate":"https:\/\/www.remise-allgaeu.de\/?s={search_term_string}"},"query-input":"required name=search_term_string"}],"inLanguage":"de"},{"@type":"Organization","@id":"https:\/\/www.remise-allgaeu.de\/#organization","name":"Remise Loft Allg\u00e4u","url":"https:\/\/www.remise-allgaeu.de\/","logo":{"@type":"ImageObject","inLanguage":"de","@id":"https:\/\/www.remise-allgaeu.de\/#\/schema\/logo\/image\/","url":"https:\/\/www.remise-allgaeu.de\/wp-content\/uploads\/2021\/10\/cropped-cropped-remise_logo_01.jpg","contentUrl":"https:\/\/www.remise-allgaeu.de\/wp-content\/uploads\/2021\/10\/cropped-cropped-remise_logo_01.jpg","width":86,"height":69,"caption":"Remise Loft Allg\u00e4u"},"image":{"@id":"https:\/\/www.remise-allgaeu.de\/#\/schema\/logo\/image\/"},"sameAs":["https:\/\/www.instagram.com\/remiseallgaeu"]}]}},"_links":{"self":[{"href":"https:\/\/www.remise-allgaeu.de\/index.php\/wp-json\/wp\/v2\/pages\/1515"}],"collection":[{"href":"https:\/\/www.remise-allgaeu.de\/index.php\/wp-json\/wp\/v2\/pages"}],"about":[{"href":"https:\/\/www.remise-allgaeu.de\/index.php\/wp-json\/wp\/v2\/types\/page"}],"author":[{"embeddable":true,"href":"https:\/\/www.remise-allgaeu.de\/index.php\/wp-json\/wp\/v2\/users\/2"}],"replies":[{"embeddable":true,"href":"https:\/\/www.remise-allgaeu.de\/index.php\/wp-json\/wp\/v2\/comments?post=1515"}],"version-history":[{"count":11,"href":"https:\/\/www.remise-allgaeu.de\/index.php\/wp-json\/wp\/v2\/pages\/1515\/revisions"}],"predecessor-version":[{"id":1828,"href":"https:\/\/www.remise-allgaeu.de\/index.php\/wp-json\/wp\/v2\/pages\/1515\/revisions\/1828"}],"wp:featuredmedia":[{"embeddable":true,"href":"https:\/\/www.remise-allgaeu.de\/index.php\/wp-json\/wp\/v2\/media\/1449"}],"wp:attachment":[{"href":"https:\/\/www.remise-allgaeu.de\/index.php\/wp-json\/wp\/v2\/media?parent=1515"}],"curies":[{"name":"wp","href":"https:\/\/api.w.org\/{rel}","templated":true}]}}